{"id":4369,"date":"2024-10-22T12:39:48","date_gmt":"2024-10-22T10:39:48","guid":{"rendered":"https:\/\/selectedv2.wdwc.dev\/nyheter\/"},"modified":"2025-08-08T14:59:50","modified_gmt":"2025-08-08T12:59:50","slug":"nyheter-senaste-uppdateringarna-fraan-selected-group","status":"publish","type":"page","link":"https:\/\/selectedv2.wdwc.dev\/se\/nyheter-senaste-uppdateringarna-fraan-selected-group\/","title":{"rendered":"Nyheter"},"content":{"rendered":"","protected":false},"excerpt":{"rendered":"","protected":false},"author":6,"featured_media":0,"parent":0,"menu_order":0,"comment_status":"closed","ping_status":"closed","template":"insight-template.php","meta":{"_acf_changed":false,"content-type":"","footnotes":""},"class_list":["post-4369","page","type-page","status-publish","hentry"],"acf":[],"yoast_head":"<!-- This site is optimized with the Yoast SEO plugin v26.7 - https:\/\/yoast.com\/wordpress\/plugins\/seo\/ -->\n<title>Selected Group<\/title>\n<meta name=\"description\" content=\"H\u00e5ll dig uppdaterad med investeringsnyheter fr\u00e5n Selected Group. L\u00e4s om v\u00e5ra fonder, projekt och marknadstrender inom alternativa investeringar.\" \/>\n<meta name=\"robots\" content=\"noindex, follow, max-snippet:-1, max-image-preview:large, max-video-preview:-1\" \/>\n<meta property=\"og:locale\" content=\"en_US\" \/>\n<meta property=\"og:type\" content=\"article\" \/>\n<meta property=\"og:title\" content=\"Nyheter - Selected Group\" \/>\n<meta property=\"og:description\" content=\"H\u00e5ll dig uppdaterad med investeringsnyheter fr\u00e5n Selected Group. L\u00e4s om v\u00e5ra fonder, projekt och marknadstrender inom alternativa investeringar.\" \/>\n<meta property=\"og:url\" content=\"https:\/\/selectedv2.wdwc.dev\/se\/nyheter-senaste-uppdateringarna-fraan-selected-group\/\" \/>\n<meta property=\"og:site_name\" content=\"Selected Group\" \/>\n<meta property=\"article:modified_time\" content=\"2025-08-08T12:59:50+00:00\" \/>\n<meta property=\"og:image\" content=\"https:\/\/selectedv2.wdwc.dev\/wp-content\/uploads\/2024\/05\/green-ventures-1-1024x598.png\" \/>\n\t<meta property=\"og:image:width\" content=\"1024\" \/>\n\t<meta property=\"og:image:height\" content=\"598\" \/>\n\t<meta property=\"og:image:type\" content=\"image\/png\" \/>\n<meta name=\"twitter:card\" content=\"summary_large_image\" \/>\n<meta name=\"twitter:label1\" content=\"Est. reading time\" \/>\n\t<meta name=\"twitter:data1\" content=\"1 minute\" \/>\n<script type=\"application\/ld+json\" class=\"yoast-schema-graph\">{\"@context\":\"https:\/\/schema.org\",\"@graph\":[{\"@type\":\"WebPage\",\"@id\":\"https:\/\/selectedv2.wdwc.dev\/se\/nyheter-senaste-uppdateringarna-fraan-selected-group\/\",\"url\":\"https:\/\/selectedv2.wdwc.dev\/se\/nyheter-senaste-uppdateringarna-fraan-selected-group\/\",\"name\":\"Nyheter - Selected Group\",\"isPartOf\":{\"@id\":\"https:\/\/selectedv2.wdwc.dev\/se\/#website\"},\"datePublished\":\"2024-10-22T10:39:48+00:00\",\"dateModified\":\"2025-08-08T12:59:50+00:00\",\"description\":\"H\u00e5ll dig uppdaterad med investeringsnyheter fr\u00e5n Selected Group. L\u00e4s om v\u00e5ra fonder, projekt och marknadstrender inom alternativa investeringar.\",\"breadcrumb\":{\"@id\":\"https:\/\/selectedv2.wdwc.dev\/se\/nyheter-senaste-uppdateringarna-fraan-selected-group\/#breadcrumb\"},\"inLanguage\":\"se-SE\",\"potentialAction\":[{\"@type\":\"ReadAction\",\"target\":[\"https:\/\/selectedv2.wdwc.dev\/se\/nyheter-senaste-uppdateringarna-fraan-selected-group\/\"]}]},{\"@type\":\"BreadcrumbList\",\"@id\":\"https:\/\/selectedv2.wdwc.dev\/se\/nyheter-senaste-uppdateringarna-fraan-selected-group\/#breadcrumb\",\"itemListElement\":[{\"@type\":\"ListItem\",\"position\":1,\"name\":\"Hjem\",\"item\":\"https:\/\/selectedv2.wdwc.dev\/se\/\"},{\"@type\":\"ListItem\",\"position\":2,\"name\":\"Nyheter\"}]},{\"@type\":\"WebSite\",\"@id\":\"https:\/\/selectedv2.wdwc.dev\/se\/#website\",\"url\":\"https:\/\/selectedv2.wdwc.dev\/se\/\",\"name\":\"Selected Group\",\"description\":\"\",\"potentialAction\":[{\"@type\":\"SearchAction\",\"target\":{\"@type\":\"EntryPoint\",\"urlTemplate\":\"https:\/\/selectedv2.wdwc.dev\/se\/?s={search_term_string}\"},\"query-input\":{\"@type\":\"PropertyValueSpecification\",\"valueRequired\":true,\"valueName\":\"search_term_string\"}}],\"inLanguage\":\"se-SE\"}]}<\/script>\n<!-- \/ Yoast SEO plugin. -->","yoast_head_json":{"title":"Selected Group","description":"H\u00e5ll dig uppdaterad med investeringsnyheter fr\u00e5n Selected Group. L\u00e4s om v\u00e5ra fonder, projekt och marknadstrender inom alternativa investeringar.","robots":{"index":"noindex","follow":"follow","max-snippet":"max-snippet:-1","max-image-preview":"max-image-preview:large","max-video-preview":"max-video-preview:-1"},"og_locale":"en_US","og_type":"article","og_title":"Nyheter - Selected Group","og_description":"H\u00e5ll dig uppdaterad med investeringsnyheter fr\u00e5n Selected Group. L\u00e4s om v\u00e5ra fonder, projekt och marknadstrender inom alternativa investeringar.","og_url":"https:\/\/selectedv2.wdwc.dev\/se\/nyheter-senaste-uppdateringarna-fraan-selected-group\/","og_site_name":"Selected Group","article_modified_time":"2025-08-08T12:59:50+00:00","og_image":[{"width":1024,"height":598,"url":"https:\/\/selectedv2.wdwc.dev\/wp-content\/uploads\/2024\/05\/green-ventures-1-1024x598.png","type":"image\/png"}],"twitter_card":"summary_large_image","twitter_misc":{"Est. reading time":"1 minute"},"schema":{"@context":"https:\/\/schema.org","@graph":[{"@type":"WebPage","@id":"https:\/\/selectedv2.wdwc.dev\/se\/nyheter-senaste-uppdateringarna-fraan-selected-group\/","url":"https:\/\/selectedv2.wdwc.dev\/se\/nyheter-senaste-uppdateringarna-fraan-selected-group\/","name":"Nyheter - Selected Group","isPartOf":{"@id":"https:\/\/selectedv2.wdwc.dev\/se\/#website"},"datePublished":"2024-10-22T10:39:48+00:00","dateModified":"2025-08-08T12:59:50+00:00","description":"H\u00e5ll dig uppdaterad med investeringsnyheter fr\u00e5n Selected Group. L\u00e4s om v\u00e5ra fonder, projekt och marknadstrender inom alternativa investeringar.","breadcrumb":{"@id":"https:\/\/selectedv2.wdwc.dev\/se\/nyheter-senaste-uppdateringarna-fraan-selected-group\/#breadcrumb"},"inLanguage":"se-SE","potentialAction":[{"@type":"ReadAction","target":["https:\/\/selectedv2.wdwc.dev\/se\/nyheter-senaste-uppdateringarna-fraan-selected-group\/"]}]},{"@type":"BreadcrumbList","@id":"https:\/\/selectedv2.wdwc.dev\/se\/nyheter-senaste-uppdateringarna-fraan-selected-group\/#breadcrumb","itemListElement":[{"@type":"ListItem","position":1,"name":"Hjem","item":"https:\/\/selectedv2.wdwc.dev\/se\/"},{"@type":"ListItem","position":2,"name":"Nyheter"}]},{"@type":"WebSite","@id":"https:\/\/selectedv2.wdwc.dev\/se\/#website","url":"https:\/\/selectedv2.wdwc.dev\/se\/","name":"Selected Group","description":"","potentialAction":[{"@type":"SearchAction","target":{"@type":"EntryPoint","urlTemplate":"https:\/\/selectedv2.wdwc.dev\/se\/?s={search_term_string}"},"query-input":{"@type":"PropertyValueSpecification","valueRequired":true,"valueName":"search_term_string"}}],"inLanguage":"se-SE"}]}},"_links":{"self":[{"href":"https:\/\/selectedv2.wdwc.dev\/se\/wp-json\/wp\/v2\/pages\/4369","targetHints":{"allow":["GET"]}}],"collection":[{"href":"https:\/\/selectedv2.wdwc.dev\/se\/wp-json\/wp\/v2\/pages"}],"about":[{"href":"https:\/\/selectedv2.wdwc.dev\/se\/wp-json\/wp\/v2\/types\/page"}],"author":[{"embeddable":true,"href":"https:\/\/selectedv2.wdwc.dev\/se\/wp-json\/wp\/v2\/users\/6"}],"replies":[{"embeddable":true,"href":"https:\/\/selectedv2.wdwc.dev\/se\/wp-json\/wp\/v2\/comments?post=4369"}],"version-history":[{"count":3,"href":"https:\/\/selectedv2.wdwc.dev\/se\/wp-json\/wp\/v2\/pages\/4369\/revisions"}],"predecessor-version":[{"id":4622,"href":"https:\/\/selectedv2.wdwc.dev\/se\/wp-json\/wp\/v2\/pages\/4369\/revisions\/4622"}],"wp:attachment":[{"href":"https:\/\/selectedv2.wdwc.dev\/se\/wp-json\/wp\/v2\/media?parent=4369"}],"curies":[{"name":"wp","href":"https:\/\/api.w.org\/{rel}","templated":true}]}}