{"id":4367,"date":"2024-10-22T21:05:30","date_gmt":"2024-10-22T19:05:30","guid":{"rendered":"https:\/\/selectedv2.wdwc.dev\/om-selected-group\/"},"modified":"2025-09-16T15:33:13","modified_gmt":"2025-09-16T13:33:13","slug":"om-selected-group","status":"publish","type":"page","link":"https:\/\/selectedv2.wdwc.dev\/se\/om-selected-group\/","title":{"rendered":"Om Selected Group"},"content":{"rendered":"","protected":false},"excerpt":{"rendered":"","protected":false},"author":4,"featured_media":0,"parent":0,"menu_order":0,"comment_status":"closed","ping_status":"closed","template":"","meta":{"_acf_changed":false,"content-type":"","footnotes":""},"class_list":["post-4367","page","type-page","status-publish","hentry"],"acf":[],"yoast_head":"<!-- This site is optimized with the Yoast SEO plugin v26.7 - https:\/\/yoast.com\/wordpress\/plugins\/seo\/ -->\n<title>Selected Group<\/title>\n<meta name=\"description\" content=\"Selected Group erbjuder alternativa investeringar med fokus p\u00e5 h\u00e5llbarhet och l\u00e5ngsiktig avkastning. Verksamma i Sverige, Norden och internationellt.\" \/>\n<meta name=\"robots\" content=\"noindex, follow, max-snippet:-1, max-image-preview:large, max-video-preview:-1\" \/>\n<meta property=\"og:locale\" content=\"en_US\" \/>\n<meta property=\"og:type\" content=\"article\" \/>\n<meta property=\"og:title\" content=\"Om Selected Group - Selected Group\" \/>\n<meta property=\"og:description\" content=\"Selected Group erbjuder alternativa investeringar med fokus p\u00e5 h\u00e5llbarhet och l\u00e5ngsiktig avkastning. Verksamma i Sverige, Norden och internationellt.\" \/>\n<meta property=\"og:url\" content=\"https:\/\/selectedv2.wdwc.dev\/se\/om-selected-group\/\" \/>\n<meta property=\"og:site_name\" content=\"Selected Group\" \/>\n<meta property=\"article:modified_time\" content=\"2025-09-16T13:33:13+00:00\" \/>\n<meta property=\"og:image\" content=\"https:\/\/selectedv2.wdwc.dev\/wp-content\/uploads\/2024\/05\/green-ventures-1-1024x598.png\" \/>\n\t<meta property=\"og:image:width\" content=\"1024\" \/>\n\t<meta property=\"og:image:height\" content=\"598\" \/>\n\t<meta property=\"og:image:type\" content=\"image\/png\" \/>\n<meta name=\"twitter:card\" content=\"summary_large_image\" \/>\n<meta name=\"twitter:label1\" content=\"Est. reading time\" \/>\n\t<meta name=\"twitter:data1\" content=\"3 minutes\" \/>\n<script type=\"application\/ld+json\" class=\"yoast-schema-graph\">{\"@context\":\"https:\/\/schema.org\",\"@graph\":[{\"@type\":\"WebPage\",\"@id\":\"https:\/\/selectedv2.wdwc.dev\/se\/om-selected-group\/\",\"url\":\"https:\/\/selectedv2.wdwc.dev\/se\/om-selected-group\/\",\"name\":\"Om Selected Group - Selected Group\",\"isPartOf\":{\"@id\":\"https:\/\/selectedv2.wdwc.dev\/se\/#website\"},\"datePublished\":\"2024-10-22T19:05:30+00:00\",\"dateModified\":\"2025-09-16T13:33:13+00:00\",\"description\":\"Selected Group erbjuder alternativa investeringar med fokus p\u00e5 h\u00e5llbarhet och l\u00e5ngsiktig avkastning. Verksamma i Sverige, Norden och internationellt.\",\"breadcrumb\":{\"@id\":\"https:\/\/selectedv2.wdwc.dev\/se\/om-selected-group\/#breadcrumb\"},\"inLanguage\":\"se-SE\",\"potentialAction\":[{\"@type\":\"ReadAction\",\"target\":[\"https:\/\/selectedv2.wdwc.dev\/se\/om-selected-group\/\"]}]},{\"@type\":\"BreadcrumbList\",\"@id\":\"https:\/\/selectedv2.wdwc.dev\/se\/om-selected-group\/#breadcrumb\",\"itemListElement\":[{\"@type\":\"ListItem\",\"position\":1,\"name\":\"Hjem\",\"item\":\"https:\/\/selectedv2.wdwc.dev\/se\/\"},{\"@type\":\"ListItem\",\"position\":2,\"name\":\"Om Selected Group\"}]},{\"@type\":\"WebSite\",\"@id\":\"https:\/\/selectedv2.wdwc.dev\/se\/#website\",\"url\":\"https:\/\/selectedv2.wdwc.dev\/se\/\",\"name\":\"Selected Group\",\"description\":\"\",\"potentialAction\":[{\"@type\":\"SearchAction\",\"target\":{\"@type\":\"EntryPoint\",\"urlTemplate\":\"https:\/\/selectedv2.wdwc.dev\/se\/?s={search_term_string}\"},\"query-input\":{\"@type\":\"PropertyValueSpecification\",\"valueRequired\":true,\"valueName\":\"search_term_string\"}}],\"inLanguage\":\"se-SE\"}]}<\/script>\n<!-- \/ Yoast SEO plugin. -->","yoast_head_json":{"title":"Selected Group","description":"Selected Group erbjuder alternativa investeringar med fokus p\u00e5 h\u00e5llbarhet och l\u00e5ngsiktig avkastning. Verksamma i Sverige, Norden och internationellt.","robots":{"index":"noindex","follow":"follow","max-snippet":"max-snippet:-1","max-image-preview":"max-image-preview:large","max-video-preview":"max-video-preview:-1"},"og_locale":"en_US","og_type":"article","og_title":"Om Selected Group - Selected Group","og_description":"Selected Group erbjuder alternativa investeringar med fokus p\u00e5 h\u00e5llbarhet och l\u00e5ngsiktig avkastning. Verksamma i Sverige, Norden och internationellt.","og_url":"https:\/\/selectedv2.wdwc.dev\/se\/om-selected-group\/","og_site_name":"Selected Group","article_modified_time":"2025-09-16T13:33:13+00:00","og_image":[{"width":1024,"height":598,"url":"https:\/\/selectedv2.wdwc.dev\/wp-content\/uploads\/2024\/05\/green-ventures-1-1024x598.png","type":"image\/png"}],"twitter_card":"summary_large_image","twitter_misc":{"Est. reading time":"3 minutes"},"schema":{"@context":"https:\/\/schema.org","@graph":[{"@type":"WebPage","@id":"https:\/\/selectedv2.wdwc.dev\/se\/om-selected-group\/","url":"https:\/\/selectedv2.wdwc.dev\/se\/om-selected-group\/","name":"Om Selected Group - Selected Group","isPartOf":{"@id":"https:\/\/selectedv2.wdwc.dev\/se\/#website"},"datePublished":"2024-10-22T19:05:30+00:00","dateModified":"2025-09-16T13:33:13+00:00","description":"Selected Group erbjuder alternativa investeringar med fokus p\u00e5 h\u00e5llbarhet och l\u00e5ngsiktig avkastning. Verksamma i Sverige, Norden och internationellt.","breadcrumb":{"@id":"https:\/\/selectedv2.wdwc.dev\/se\/om-selected-group\/#breadcrumb"},"inLanguage":"se-SE","potentialAction":[{"@type":"ReadAction","target":["https:\/\/selectedv2.wdwc.dev\/se\/om-selected-group\/"]}]},{"@type":"BreadcrumbList","@id":"https:\/\/selectedv2.wdwc.dev\/se\/om-selected-group\/#breadcrumb","itemListElement":[{"@type":"ListItem","position":1,"name":"Hjem","item":"https:\/\/selectedv2.wdwc.dev\/se\/"},{"@type":"ListItem","position":2,"name":"Om Selected Group"}]},{"@type":"WebSite","@id":"https:\/\/selectedv2.wdwc.dev\/se\/#website","url":"https:\/\/selectedv2.wdwc.dev\/se\/","name":"Selected Group","description":"","potentialAction":[{"@type":"SearchAction","target":{"@type":"EntryPoint","urlTemplate":"https:\/\/selectedv2.wdwc.dev\/se\/?s={search_term_string}"},"query-input":{"@type":"PropertyValueSpecification","valueRequired":true,"valueName":"search_term_string"}}],"inLanguage":"se-SE"}]}},"_links":{"self":[{"href":"https:\/\/selectedv2.wdwc.dev\/se\/wp-json\/wp\/v2\/pages\/4367","targetHints":{"allow":["GET"]}}],"collection":[{"href":"https:\/\/selectedv2.wdwc.dev\/se\/wp-json\/wp\/v2\/pages"}],"about":[{"href":"https:\/\/selectedv2.wdwc.dev\/se\/wp-json\/wp\/v2\/types\/page"}],"author":[{"embeddable":true,"href":"https:\/\/selectedv2.wdwc.dev\/se\/wp-json\/wp\/v2\/users\/4"}],"replies":[{"embeddable":true,"href":"https:\/\/selectedv2.wdwc.dev\/se\/wp-json\/wp\/v2\/comments?post=4367"}],"version-history":[{"count":2,"href":"https:\/\/selectedv2.wdwc.dev\/se\/wp-json\/wp\/v2\/pages\/4367\/revisions"}],"predecessor-version":[{"id":4618,"href":"https:\/\/selectedv2.wdwc.dev\/se\/wp-json\/wp\/v2\/pages\/4367\/revisions\/4618"}],"wp:attachment":[{"href":"https:\/\/selectedv2.wdwc.dev\/se\/wp-json\/wp\/v2\/media?parent=4367"}],"curies":[{"name":"wp","href":"https:\/\/api.w.org\/{rel}","templated":true}]}}