{"id":4365,"date":"2024-10-22T23:00:22","date_gmt":"2024-10-22T21:00:22","guid":{"rendered":"https:\/\/selectedv2.wdwc.dev\/haallbarhetsrelaterade-upplysningar\/"},"modified":"2024-10-22T23:00:22","modified_gmt":"2024-10-22T21:00:22","slug":"haallbarhetsrelaterade-upplysningar","status":"publish","type":"page","link":"https:\/\/selectedv2.wdwc.dev\/se\/haallbarhetsrelaterade-upplysningar\/","title":{"rendered":"H\u00e5llbarhetsrelaterade upplysningar"},"content":{"rendered":"<h1>H\u00e5llbarhetsrelaterade upplysningar<\/h1>\n<p>Denna information publiceras i enlighet med Disclosure Regulation, som kr\u00e4ver att finansiella akt\u00f6rer tillhandah\u00e5ller information om integrering av h\u00e5llbarhetsrisker.<\/p>\n<div class=\"builder-block builder-dd943f8de802434fa1005b073d299820 builder-has-component css-1kzggfx\">\n<p>Sidan uppdaterades senast den 24 juni 2024.<\/p>\n<p>&nbsp;<\/p>\n<h2><strong>Artikel 3: Transparens i fr\u00e5ga om policyer f\u00f6r h\u00e5llbarhetsrisker<\/strong><\/h2>\n<p>Selected Group Sverige har implementerat en policy f\u00f6r integration av h\u00e5allbarhetsrisker i investeringsbeslut. Policyn tar h\u00e4nsyn till egenskaperna hos de individuella hanterede produkterna, inklusive men inta begr\u00e4nst till investeringsstrategi och investeringsrestriktioner.<\/p>\n<h2><strong>Artikel 4: Transparens i fr\u00e5ga om negativa konsekvenser f\u00f6r h\u00e5llbar utveckling p\u00e5 enhetsniv\u00e5<\/strong><\/h2>\n<p>Selected Group Sveriges uttalande ang\u00e5ende de huvudsakliga negativa effekterna av investeringsbeslut p\u00e5 h\u00e5llbarhetsfaktorer m.m. kan l\u00e4sas nedan.<\/p>\n<p><a href=\"https:\/\/26727398.fs1.hubspotusercontent-eu1.net\/hubfs\/26727398\/Selected%20Group%20Sverige\/WRDF1_2024PAI%20Statement_20240528.pdf\" target=\"_blank\" rel=\"noopener noreferrer\">PAI statement<\/a><\/p>\n<h2><strong>Artikel 5: Transparens i fr\u00e5ga om ers\u00e4ttningspolicyer i samband med integreringen av h\u00e5allbarhetsrisker<\/strong><\/h2>\n<p>Det \u00e4r centralt i Selected Group Sveriges ers\u00e4ttningsploicy att on\u00f6digt risktagande undviks, \u00e4ven vad g\u00e4ller h\u00e5allbarhetsrelaterade risker. Enskilda nyckelpersoner f\u00e5r r\u00f6rlig ers\u00e4ttning, som dock inte \u00e4r specifikt kopplad til h\u00e5lbarhetsrelaterade risker.<\/p>\n<h2><strong>Artikel 6: Transparens i fr\u00e5ga om integreringen av h\u00e5llbarhetsrisker<\/strong><\/h2>\n<p>Selected Group Sverige hanterar f\u00f6r n\u00e4rvarande inga produkter som f\u00f6ljer rapporteringskraven i artikel 6. Integrering av h\u00e5llbarhetsrisker f\u00f6r de enskilda produkterna f\u00f6ljer v\u00e5ar policy f\u00f6r h\u00e5llbara investeringar.<\/p>\n<h2><strong>Artikel 7: Transparens i fr\u00e5ga om negativa konsekvenser f\u00f6r h\u00e5llbar utveckling med avseende p\u00e5 finansiella produkter<\/strong><\/h2>\n<p>Information i enlighet med artikel 7 finns i den relevanta informationen f\u00f6re avtalets ing\u00e5ende och i de periodiska rapporterna f\u00f6r produkterna Selected Regenergy AB och WA3RM Regenergy Developer Fund I<\/p>\n<h2><strong>Artikel 8: Transparens i fr\u00e5ga om fr\u00e4mjandet av milj\u00f6relaterade eller sociale egenskaper i den information som l\u00e4mnas innan avtal ing\u00e5s<\/strong><\/h2>\n<p>Selected Group Sverige hanterar f\u00f6r n\u00e4rvarande inga produkter som f\u00f6ljer rapporteringskraven i artikel 8. Integrering av h\u00e5llbarhetsrisker f\u00f6r de enskilda produkterna f\u00f6ljer v\u00e5ar policy f\u00f6r h\u00e5llbara investeringar.<\/p>\n<h2><strong>Artikel 9: Transparens i fr\u00e5ga om h\u00e5llbar investering i upplysningar som l\u00e4mnas innan avtal ing\u00e5s<\/strong><\/h2>\n<p>Selected Group Sverige g\u00f6r investeringar f\u00f6r tv\u00e5 finansiella produkter som endast g\u00f6r h\u00e5llbara investeringar och d\u00e4rmed f\u00f6ljer\/\u00e4r rapporteringspliktiga i artikel 9. Information enligt artikel 9 finns nedan.<\/p>\n<p><a href=\"https:\/\/26727398.fs1.hubspotusercontent-eu1.net\/hubfs\/26727398\/Selected%20Group%20Sverige\/Selected%20Regenergy%20AB%20Fund_Pre-contractual%20disclosure.pdf\" target=\"_blank\" rel=\"noopener noreferrer\">Pre-contractual disclosure Selected Regenergy AB<\/a><\/p>\n<p><a href=\"https:\/\/26727398.fs1.hubspotusercontent-eu1.net\/hubfs\/26727398\/Sweden\/WRDFI_Pre-contractual%20disclosure_20230626.pdf\" target=\"_blank\" rel=\"noopener noreferrer\">Pre-contractual disclosure WA3RM Regenergy Developer Fund I<\/a><\/p>\n<h2><strong>Artikel 10: Transparens I fr\u00e5ga om fr\u00e4mjandet av milj\u00f6relaterade eller sociale egenskaper och av h\u00e5llbar investering p\u00e5 webbplatser<\/strong><\/h2>\n<p>Selected Group Sverige har tv\u00e5 produkter, Selected Regenergy AB och WA3RM Regenergy Developer Fund I, som avses I artikel 9. Du kan l\u00e4sa mer om h\u00e5llbarhetsrelaterad information om de tv\u00e5 produkterna nedan.<\/p>\n<p><a href=\"https:\/\/26727398.fs1.hubspotusercontent-eu1.net\/hubfs\/26727398\/Selected%20Group%20Sverige\/Selected%20Regenergy%20AB%20Fund_Website%20disclosure.pdf\" target=\"_blank\" rel=\"noopener noreferrer\">Selected Regenergy AB Website Disclosure<\/a><\/p>\n<p><a href=\"https:\/\/26727398.fs1.hubspotusercontent-eu1.net\/hubfs\/26727398\/Sweden\/SG%20Sverige_Website%20disclosure_20230626.pdf\" target=\"_blank\" rel=\"noopener noreferrer\">WA3RM Regenergy Developer Fund I Website Disclosure<\/a><\/p>\n<h2><strong>Artikel 11: Transparens i fr\u00e5ga om fr\u00e4mjandet av milj\u00f6relaterade eller sociala egenskaper och av h\u00e5llbara investeringar i regelbundna rapporter<\/strong><\/h2>\n<p>Selected Regenergy AB och WA3RM Regenergy Developer Fund I AB har, i enlighet med artikel 9 i Disclosure Regulation, offentliggjort f\u00f6ljande regelbundna rapporter.<\/p>\n<h2><strong>F\u00f6r 2023:<\/strong><\/h2>\n<p><a href=\"https:\/\/26727398.fs1.hubspotusercontent-eu1.net\/hubfs\/26727398\/Selected%20Group%20Sverige\/Selected%20Regenergy%20AB%20Periodic%20Disclosure.pdf\" target=\"_blank\" rel=\"noopener noreferrer\">Selected Regenergy AB Periodic Disclosure<\/a><\/p>\n<p><a href=\"https:\/\/26727398.fs1.hubspotusercontent-eu1.net\/hubfs\/26727398\/Selected%20Group%20Sverige\/WRDF1-Periodic%20Disclosure-Annex%205-240418-FINAL.pdf\" target=\"_blank\" rel=\"noopener noreferrer\">WA3RM Regenergy Developer Fund I Periodic Disclosure<\/a><\/p>\n<\/div>\n","protected":false},"excerpt":{"rendered":"<p>H\u00e5llbarhetsrelaterade upplysningar Denna information publiceras i enlighet med Disclosure Regulation, som kr\u00e4ver att finansiella akt\u00f6rer tillhandah\u00e5ller information om integrering av h\u00e5llbarhetsrisker. Sidan uppdaterades senast den 24 juni 2024. &nbsp; Artikel 3: Transparens i fr\u00e5ga om policyer f\u00f6r h\u00e5llbarhetsrisker Selected Group Sverige har implementerat en policy f\u00f6r integration av h\u00e5allbarhetsrisker i investeringsbeslut. Policyn tar h\u00e4nsyn till [&hellip;]<\/p>\n","protected":false},"author":4,"featured_media":0,"parent":0,"menu_order":0,"comment_status":"closed","ping_status":"closed","template":"text-template.php","meta":{"_acf_changed":false,"content-type":"","footnotes":""},"class_list":["post-4365","page","type-page","status-publish","hentry"],"acf":[],"yoast_head":"<!-- This site is optimized with the Yoast SEO plugin v26.7 - https:\/\/yoast.com\/wordpress\/plugins\/seo\/ -->\n<title>Selected Group<\/title>\n<meta name=\"robots\" content=\"noindex, follow, max-snippet:-1, max-image-preview:large, max-video-preview:-1\" \/>\n<meta property=\"og:locale\" content=\"en_US\" \/>\n<meta property=\"og:type\" content=\"article\" \/>\n<meta property=\"og:title\" content=\"H\u00e5llbarhetsrelaterade upplysningar - Selected Group\" \/>\n<meta property=\"og:description\" content=\"H\u00e5llbarhetsrelaterade upplysningar Denna information publiceras i enlighet med Disclosure Regulation, som kr\u00e4ver att finansiella akt\u00f6rer tillhandah\u00e5ller information om integrering av h\u00e5llbarhetsrisker. Sidan uppdaterades senast den 24 juni 2024. &nbsp; Artikel 3: Transparens i fr\u00e5ga om policyer f\u00f6r h\u00e5llbarhetsrisker Selected Group Sverige har implementerat en policy f\u00f6r integration av h\u00e5allbarhetsrisker i investeringsbeslut. Policyn tar h\u00e4nsyn till [&hellip;]\" \/>\n<meta property=\"og:url\" content=\"https:\/\/selectedv2.wdwc.dev\/se\/haallbarhetsrelaterade-upplysningar\/\" \/>\n<meta property=\"og:site_name\" content=\"Selected Group\" \/>\n<meta property=\"og:image\" content=\"https:\/\/selectedv2.wdwc.dev\/wp-content\/uploads\/2024\/05\/green-ventures-1-1024x598.png\" \/>\n\t<meta property=\"og:image:width\" content=\"1024\" \/>\n\t<meta property=\"og:image:height\" content=\"598\" \/>\n\t<meta property=\"og:image:type\" content=\"image\/png\" \/>\n<meta name=\"twitter:card\" content=\"summary_large_image\" \/>\n<meta name=\"twitter:label1\" content=\"Est. reading time\" \/>\n\t<meta name=\"twitter:data1\" content=\"3 minutes\" \/>\n<script type=\"application\/ld+json\" class=\"yoast-schema-graph\">{\"@context\":\"https:\/\/schema.org\",\"@graph\":[{\"@type\":\"WebPage\",\"@id\":\"https:\/\/selectedv2.wdwc.dev\/se\/haallbarhetsrelaterade-upplysningar\/\",\"url\":\"https:\/\/selectedv2.wdwc.dev\/se\/haallbarhetsrelaterade-upplysningar\/\",\"name\":\"H\u00e5llbarhetsrelaterade upplysningar - Selected Group\",\"isPartOf\":{\"@id\":\"https:\/\/selectedv2.wdwc.dev\/se\/#website\"},\"datePublished\":\"2024-10-22T21:00:22+00:00\",\"breadcrumb\":{\"@id\":\"https:\/\/selectedv2.wdwc.dev\/se\/haallbarhetsrelaterade-upplysningar\/#breadcrumb\"},\"inLanguage\":\"se-SE\",\"potentialAction\":[{\"@type\":\"ReadAction\",\"target\":[\"https:\/\/selectedv2.wdwc.dev\/se\/haallbarhetsrelaterade-upplysningar\/\"]}]},{\"@type\":\"BreadcrumbList\",\"@id\":\"https:\/\/selectedv2.wdwc.dev\/se\/haallbarhetsrelaterade-upplysningar\/#breadcrumb\",\"itemListElement\":[{\"@type\":\"ListItem\",\"position\":1,\"name\":\"Hjem\",\"item\":\"https:\/\/selectedv2.wdwc.dev\/se\/\"},{\"@type\":\"ListItem\",\"position\":2,\"name\":\"H\u00e5llbarhetsrelaterade upplysningar\"}]},{\"@type\":\"WebSite\",\"@id\":\"https:\/\/selectedv2.wdwc.dev\/se\/#website\",\"url\":\"https:\/\/selectedv2.wdwc.dev\/se\/\",\"name\":\"Selected Group\",\"description\":\"\",\"potentialAction\":[{\"@type\":\"SearchAction\",\"target\":{\"@type\":\"EntryPoint\",\"urlTemplate\":\"https:\/\/selectedv2.wdwc.dev\/se\/?s={search_term_string}\"},\"query-input\":{\"@type\":\"PropertyValueSpecification\",\"valueRequired\":true,\"valueName\":\"search_term_string\"}}],\"inLanguage\":\"se-SE\"}]}<\/script>\n<!-- \/ Yoast SEO plugin. -->","yoast_head_json":{"title":"Selected Group","robots":{"index":"noindex","follow":"follow","max-snippet":"max-snippet:-1","max-image-preview":"max-image-preview:large","max-video-preview":"max-video-preview:-1"},"og_locale":"en_US","og_type":"article","og_title":"H\u00e5llbarhetsrelaterade upplysningar - Selected Group","og_description":"H\u00e5llbarhetsrelaterade upplysningar Denna information publiceras i enlighet med Disclosure Regulation, som kr\u00e4ver att finansiella akt\u00f6rer tillhandah\u00e5ller information om integrering av h\u00e5llbarhetsrisker. Sidan uppdaterades senast den 24 juni 2024. &nbsp; Artikel 3: Transparens i fr\u00e5ga om policyer f\u00f6r h\u00e5llbarhetsrisker Selected Group Sverige har implementerat en policy f\u00f6r integration av h\u00e5allbarhetsrisker i investeringsbeslut. Policyn tar h\u00e4nsyn till [&hellip;]","og_url":"https:\/\/selectedv2.wdwc.dev\/se\/haallbarhetsrelaterade-upplysningar\/","og_site_name":"Selected Group","og_image":[{"width":1024,"height":598,"url":"https:\/\/selectedv2.wdwc.dev\/wp-content\/uploads\/2024\/05\/green-ventures-1-1024x598.png","type":"image\/png"}],"twitter_card":"summary_large_image","twitter_misc":{"Est. reading time":"3 minutes"},"schema":{"@context":"https:\/\/schema.org","@graph":[{"@type":"WebPage","@id":"https:\/\/selectedv2.wdwc.dev\/se\/haallbarhetsrelaterade-upplysningar\/","url":"https:\/\/selectedv2.wdwc.dev\/se\/haallbarhetsrelaterade-upplysningar\/","name":"H\u00e5llbarhetsrelaterade upplysningar - Selected Group","isPartOf":{"@id":"https:\/\/selectedv2.wdwc.dev\/se\/#website"},"datePublished":"2024-10-22T21:00:22+00:00","breadcrumb":{"@id":"https:\/\/selectedv2.wdwc.dev\/se\/haallbarhetsrelaterade-upplysningar\/#breadcrumb"},"inLanguage":"se-SE","potentialAction":[{"@type":"ReadAction","target":["https:\/\/selectedv2.wdwc.dev\/se\/haallbarhetsrelaterade-upplysningar\/"]}]},{"@type":"BreadcrumbList","@id":"https:\/\/selectedv2.wdwc.dev\/se\/haallbarhetsrelaterade-upplysningar\/#breadcrumb","itemListElement":[{"@type":"ListItem","position":1,"name":"Hjem","item":"https:\/\/selectedv2.wdwc.dev\/se\/"},{"@type":"ListItem","position":2,"name":"H\u00e5llbarhetsrelaterade upplysningar"}]},{"@type":"WebSite","@id":"https:\/\/selectedv2.wdwc.dev\/se\/#website","url":"https:\/\/selectedv2.wdwc.dev\/se\/","name":"Selected Group","description":"","potentialAction":[{"@type":"SearchAction","target":{"@type":"EntryPoint","urlTemplate":"https:\/\/selectedv2.wdwc.dev\/se\/?s={search_term_string}"},"query-input":{"@type":"PropertyValueSpecification","valueRequired":true,"valueName":"search_term_string"}}],"inLanguage":"se-SE"}]}},"_links":{"self":[{"href":"https:\/\/selectedv2.wdwc.dev\/se\/wp-json\/wp\/v2\/pages\/4365","targetHints":{"allow":["GET"]}}],"collection":[{"href":"https:\/\/selectedv2.wdwc.dev\/se\/wp-json\/wp\/v2\/pages"}],"about":[{"href":"https:\/\/selectedv2.wdwc.dev\/se\/wp-json\/wp\/v2\/types\/page"}],"author":[{"embeddable":true,"href":"https:\/\/selectedv2.wdwc.dev\/se\/wp-json\/wp\/v2\/users\/4"}],"replies":[{"embeddable":true,"href":"https:\/\/selectedv2.wdwc.dev\/se\/wp-json\/wp\/v2\/comments?post=4365"}],"version-history":[{"count":0,"href":"https:\/\/selectedv2.wdwc.dev\/se\/wp-json\/wp\/v2\/pages\/4365\/revisions"}],"wp:attachment":[{"href":"https:\/\/selectedv2.wdwc.dev\/se\/wp-json\/wp\/v2\/media?parent=4365"}],"curies":[{"name":"wp","href":"https:\/\/api.w.org\/{rel}","templated":true}]}}