{"id":4359,"date":"2025-07-29T14:17:14","date_gmt":"2025-07-29T12:17:14","guid":{"rendered":"https:\/\/selectedv2.wdwc.dev\/bolagsordning\/"},"modified":"2025-07-29T14:17:14","modified_gmt":"2025-07-29T12:17:14","slug":"bolagsordning","status":"publish","type":"page","link":"https:\/\/selectedv2.wdwc.dev\/se\/bolagsordning\/","title":{"rendered":"F\u00f6retagsbeskrivning och bolagsordning"},"content":{"rendered":"<h1>F\u00f6retagsbeskrivning och bolagsordning<\/h1>\n<h3>RegEnergy Fr\u00f6vi AB &#8211; Articles of association and company description<\/h3>\n<p>&nbsp;<\/p>\n<p><a href=\"https:\/\/26727398.fs1.hubspotusercontent-eu1.net\/hubfs\/26727398\/Selected%20Group%20Sverige\/3.1.3.5%20(Swedish)%20RFAB%20Articles%20of%20Association%20(Bolagsordning).pdf\" target=\"_blank\" rel=\"noopener\">3.1.3.5 (Swedish) RFAB Articles of Association (Bolagsordning)<\/a><\/p>\n","protected":false},"excerpt":{"rendered":"<p>F\u00f6retagsbeskrivning och bolagsordning RegEnergy Fr\u00f6vi AB &#8211; Articles of association and company description &nbsp; 3.1.3.5 (Swedish) RFAB Articles of Association (Bolagsordning)<\/p>\n","protected":false},"author":4,"featured_media":0,"parent":0,"menu_order":0,"comment_status":"closed","ping_status":"closed","template":"text-template.php","meta":{"_acf_changed":false,"content-type":"","footnotes":""},"class_list":["post-4359","page","type-page","status-publish","hentry"],"acf":[],"yoast_head":"<!-- This site is optimized with the Yoast SEO plugin v26.7 - https:\/\/yoast.com\/wordpress\/plugins\/seo\/ -->\n<title>Selected Group<\/title>\n<meta name=\"robots\" content=\"noindex, follow, max-snippet:-1, max-image-preview:large, max-video-preview:-1\" \/>\n<meta property=\"og:locale\" content=\"en_US\" \/>\n<meta property=\"og:type\" content=\"article\" \/>\n<meta property=\"og:title\" content=\"F\u00f6retagsbeskrivning och bolagsordning - Selected Group\" \/>\n<meta property=\"og:description\" content=\"F\u00f6retagsbeskrivning och bolagsordning RegEnergy Fr\u00f6vi AB &#8211; Articles of association and company description &nbsp; 3.1.3.5 (Swedish) RFAB Articles of Association (Bolagsordning)\" \/>\n<meta property=\"og:url\" content=\"https:\/\/selectedv2.wdwc.dev\/se\/bolagsordning\/\" \/>\n<meta property=\"og:site_name\" content=\"Selected Group\" \/>\n<meta property=\"og:image\" content=\"https:\/\/selectedv2.wdwc.dev\/wp-content\/uploads\/2024\/05\/green-ventures-1-1024x598.png\" \/>\n\t<meta property=\"og:image:width\" content=\"1024\" \/>\n\t<meta property=\"og:image:height\" content=\"598\" \/>\n\t<meta property=\"og:image:type\" content=\"image\/png\" \/>\n<meta name=\"twitter:card\" content=\"summary_large_image\" \/>\n<script type=\"application\/ld+json\" class=\"yoast-schema-graph\">{\"@context\":\"https:\/\/schema.org\",\"@graph\":[{\"@type\":\"WebPage\",\"@id\":\"https:\/\/selectedv2.wdwc.dev\/se\/bolagsordning\/\",\"url\":\"https:\/\/selectedv2.wdwc.dev\/se\/bolagsordning\/\",\"name\":\"F\u00f6retagsbeskrivning och bolagsordning - Selected Group\",\"isPartOf\":{\"@id\":\"https:\/\/selectedv2.wdwc.dev\/se\/#website\"},\"datePublished\":\"2025-07-29T12:17:14+00:00\",\"breadcrumb\":{\"@id\":\"https:\/\/selectedv2.wdwc.dev\/se\/bolagsordning\/#breadcrumb\"},\"inLanguage\":\"se-SE\",\"potentialAction\":[{\"@type\":\"ReadAction\",\"target\":[\"https:\/\/selectedv2.wdwc.dev\/se\/bolagsordning\/\"]}]},{\"@type\":\"BreadcrumbList\",\"@id\":\"https:\/\/selectedv2.wdwc.dev\/se\/bolagsordning\/#breadcrumb\",\"itemListElement\":[{\"@type\":\"ListItem\",\"position\":1,\"name\":\"Hjem\",\"item\":\"https:\/\/selectedv2.wdwc.dev\/se\/\"},{\"@type\":\"ListItem\",\"position\":2,\"name\":\"F\u00f6retagsbeskrivning och bolagsordning\"}]},{\"@type\":\"WebSite\",\"@id\":\"https:\/\/selectedv2.wdwc.dev\/se\/#website\",\"url\":\"https:\/\/selectedv2.wdwc.dev\/se\/\",\"name\":\"Selected Group\",\"description\":\"\",\"potentialAction\":[{\"@type\":\"SearchAction\",\"target\":{\"@type\":\"EntryPoint\",\"urlTemplate\":\"https:\/\/selectedv2.wdwc.dev\/se\/?s={search_term_string}\"},\"query-input\":{\"@type\":\"PropertyValueSpecification\",\"valueRequired\":true,\"valueName\":\"search_term_string\"}}],\"inLanguage\":\"se-SE\"}]}<\/script>\n<!-- \/ Yoast SEO plugin. -->","yoast_head_json":{"title":"Selected Group","robots":{"index":"noindex","follow":"follow","max-snippet":"max-snippet:-1","max-image-preview":"max-image-preview:large","max-video-preview":"max-video-preview:-1"},"og_locale":"en_US","og_type":"article","og_title":"F\u00f6retagsbeskrivning och bolagsordning - Selected Group","og_description":"F\u00f6retagsbeskrivning och bolagsordning RegEnergy Fr\u00f6vi AB &#8211; Articles of association and company description &nbsp; 3.1.3.5 (Swedish) RFAB Articles of Association (Bolagsordning)","og_url":"https:\/\/selectedv2.wdwc.dev\/se\/bolagsordning\/","og_site_name":"Selected Group","og_image":[{"width":1024,"height":598,"url":"https:\/\/selectedv2.wdwc.dev\/wp-content\/uploads\/2024\/05\/green-ventures-1-1024x598.png","type":"image\/png"}],"twitter_card":"summary_large_image","schema":{"@context":"https:\/\/schema.org","@graph":[{"@type":"WebPage","@id":"https:\/\/selectedv2.wdwc.dev\/se\/bolagsordning\/","url":"https:\/\/selectedv2.wdwc.dev\/se\/bolagsordning\/","name":"F\u00f6retagsbeskrivning och bolagsordning - Selected Group","isPartOf":{"@id":"https:\/\/selectedv2.wdwc.dev\/se\/#website"},"datePublished":"2025-07-29T12:17:14+00:00","breadcrumb":{"@id":"https:\/\/selectedv2.wdwc.dev\/se\/bolagsordning\/#breadcrumb"},"inLanguage":"se-SE","potentialAction":[{"@type":"ReadAction","target":["https:\/\/selectedv2.wdwc.dev\/se\/bolagsordning\/"]}]},{"@type":"BreadcrumbList","@id":"https:\/\/selectedv2.wdwc.dev\/se\/bolagsordning\/#breadcrumb","itemListElement":[{"@type":"ListItem","position":1,"name":"Hjem","item":"https:\/\/selectedv2.wdwc.dev\/se\/"},{"@type":"ListItem","position":2,"name":"F\u00f6retagsbeskrivning och bolagsordning"}]},{"@type":"WebSite","@id":"https:\/\/selectedv2.wdwc.dev\/se\/#website","url":"https:\/\/selectedv2.wdwc.dev\/se\/","name":"Selected Group","description":"","potentialAction":[{"@type":"SearchAction","target":{"@type":"EntryPoint","urlTemplate":"https:\/\/selectedv2.wdwc.dev\/se\/?s={search_term_string}"},"query-input":{"@type":"PropertyValueSpecification","valueRequired":true,"valueName":"search_term_string"}}],"inLanguage":"se-SE"}]}},"_links":{"self":[{"href":"https:\/\/selectedv2.wdwc.dev\/se\/wp-json\/wp\/v2\/pages\/4359","targetHints":{"allow":["GET"]}}],"collection":[{"href":"https:\/\/selectedv2.wdwc.dev\/se\/wp-json\/wp\/v2\/pages"}],"about":[{"href":"https:\/\/selectedv2.wdwc.dev\/se\/wp-json\/wp\/v2\/types\/page"}],"author":[{"embeddable":true,"href":"https:\/\/selectedv2.wdwc.dev\/se\/wp-json\/wp\/v2\/users\/4"}],"replies":[{"embeddable":true,"href":"https:\/\/selectedv2.wdwc.dev\/se\/wp-json\/wp\/v2\/comments?post=4359"}],"version-history":[{"count":0,"href":"https:\/\/selectedv2.wdwc.dev\/se\/wp-json\/wp\/v2\/pages\/4359\/revisions"}],"wp:attachment":[{"href":"https:\/\/selectedv2.wdwc.dev\/se\/wp-json\/wp\/v2\/media?parent=4359"}],"curies":[{"name":"wp","href":"https:\/\/api.w.org\/{rel}","templated":true}]}}